{"id":986,"date":"2020-04-30T23:38:49","date_gmt":"2020-04-30T23:38:49","guid":{"rendered":"https:\/\/rapidtest-lab.com\/kapcsolat\/"},"modified":"2025-10-28T20:35:46","modified_gmt":"2025-10-28T18:35:46","slug":"kapcsolat","status":"publish","type":"page","link":"https:\/\/rapidtest-lab.com\/en\/kapcsolat\/","title":{"rendered":"Kapcsolat"},"content":{"rendered":"\t\t<div data-elementor-type=\"wp-page\" data-elementor-id=\"986\" class=\"elementor elementor-986 elementor-72\" data-elementor-post-type=\"page\">\n\t\t\t\t\t\t<section class=\"elementor-section elementor-top-section elementor-element elementor-element-2a2c5a1f elementor-section-content-middle elementor-reverse-mobile elementor-section-full_width elementor-section-height-default elementor-section-height-default\" data-id=\"2a2c5a1f\" data-element_type=\"section\">\n\t\t\t\t\t\t<div class=\"elementor-container elementor-column-gap-no\">\n\t\t\t\t\t<div class=\"elementor-column elementor-col-50 elementor-top-column elementor-element elementor-element-d327bbc\" data-id=\"d327bbc\" data-element_type=\"column\">\n\t\t\t<div class=\"elementor-widget-wrap elementor-element-populated\">\n\t\t\t\t\t\t<div class=\"elementor-element elementor-element-7004d5a4 elementor-widget elementor-widget-google_maps\" data-id=\"7004d5a4\" data-element_type=\"widget\" data-widget_type=\"google_maps.default\">\n\t\t\t\t<div class=\"elementor-widget-container\">\n\t\t\t\t\t\t\t<div class=\"elementor-custom-embed\">\n\t\t\t<iframe loading=\"lazy\"\n\t\t\t\t\tsrc=\"https:\/\/maps.google.com\/maps?q=1036%20Budapest%2C%20Lajos%20u.%2074-76.%20Fsz.%204.&#038;t=m&#038;z=14&#038;output=embed&#038;iwloc=near\"\n\t\t\t\t\ttitle=\"1036 Budapest, Lajos u. 74-76. Fsz. 4.\"\n\t\t\t\t\taria-label=\"1036 Budapest, Lajos u. 74-76. Fsz. 4.\"\n\t\t\t><\/iframe>\n\t\t<\/div>\n\t\t\t\t\t\t<\/div>\n\t\t\t\t<\/div>\n\t\t\t\t\t<\/div>\n\t\t<\/div>\n\t\t\t\t<div class=\"elementor-column elementor-col-50 elementor-top-column elementor-element elementor-element-26ebf383\" data-id=\"26ebf383\" data-element_type=\"column\">\n\t\t\t<div class=\"elementor-widget-wrap elementor-element-populated\">\n\t\t\t\t\t\t<div class=\"elementor-element elementor-element-370bc3eb elementor-widget elementor-widget-heading\" data-id=\"370bc3eb\" data-element_type=\"widget\" data-widget_type=\"heading.default\">\n\t\t\t\t<div class=\"elementor-widget-container\">\n\t\t\t\t\t<h4 class=\"elementor-heading-title elementor-size-default\">El\u00e9rhet\u0151s\u00e9geink<\/h4>\t\t\t\t<\/div>\n\t\t\t\t<\/div>\n\t\t\t\t<section class=\"elementor-section elementor-inner-section elementor-element elementor-element-724bde89 elementor-section-boxed elementor-section-height-default elementor-section-height-default\" data-id=\"724bde89\" data-element_type=\"section\">\n\t\t\t\t\t\t<div class=\"elementor-container elementor-column-gap-default\">\n\t\t\t\t\t<div class=\"elementor-column elementor-col-50 elementor-inner-column elementor-element elementor-element-372db77f\" data-id=\"372db77f\" data-element_type=\"column\">\n\t\t\t<div class=\"elementor-widget-wrap elementor-element-populated\">\n\t\t\t\t\t\t<div class=\"elementor-element elementor-element-34ae4191 elementor-widget elementor-widget-heading\" data-id=\"34ae4191\" data-element_type=\"widget\" data-widget_type=\"heading.default\">\n\t\t\t\t<div class=\"elementor-widget-container\">\n\t\t\t\t\t<div class=\"elementor-heading-title elementor-size-default\">\u00dczlet<\/div>\t\t\t\t<\/div>\n\t\t\t\t<\/div>\n\t\t\t\t<div class=\"elementor-element elementor-element-5237a7cc elementor-widget elementor-widget-text-editor\" data-id=\"5237a7cc\" data-element_type=\"widget\" data-widget_type=\"text-editor.default\">\n\t\t\t\t<div class=\"elementor-widget-container\">\n\t\t\t\t\t\t\t\t\t<div class=\"et_pb_column et_pb_column_1_3 et_pb_column_1 et_pb_css_mix_blend_mode_passthrough\"><div class=\"et_pb_module et_pb_text et_pb_text_2 kapcsolat-elerhetoseg et_pb_bg_layout_light et_pb_text_align_left\"><div class=\"et_pb_text_inner\"><p>1036 Budapest,<br \/>Lajos u. 74-76. Fsz. 4.<\/p><\/div><\/div><\/div>\t\t\t\t\t\t\t\t<\/div>\n\t\t\t\t<\/div>\n\t\t\t\t<div class=\"elementor-element elementor-element-bbb3ba4 elementor-widget elementor-widget-text-editor\" data-id=\"bbb3ba4\" data-element_type=\"widget\" data-widget_type=\"text-editor.default\">\n\t\t\t\t<div class=\"elementor-widget-container\">\n\t\t\t\t\t\t\t\t\t<div class=\"et_pb_column et_pb_column_1_3 et_pb_column_1 et_pb_css_mix_blend_mode_passthrough\"><div class=\"et_pb_module et_pb_text et_pb_text_2 kapcsolat-elerhetoseg et_pb_bg_layout_light et_pb_text_align_left\"><div class=\"et_pb_text_inner\"><p><strong>FIGYELEM:<\/strong>\u00a0Az \u00fczlet \u00e1ruv\u00e1laszt\u00e9ka elt\u00e9r a web\u00e1ruh\u00e1z v\u00e1laszt\u00e9k\u00e1t\u00f3l, \u00edgy szem\u00e9lyes v\u00e1s\u00e1rl\u00e1s eset\u00e9n k\u00e9rj\u00fck, hogy el\u0151zetesen egyeztessen a term\u00e9k el\u00e9rhet\u0151s\u00e9g\u00e9r\u0151l.<\/p><\/div><\/div><\/div>\t\t\t\t\t\t\t\t<\/div>\n\t\t\t\t<\/div>\n\t\t\t\t\t<\/div>\n\t\t<\/div>\n\t\t\t\t<div class=\"elementor-column elementor-col-50 elementor-inner-column elementor-element elementor-element-18be60ce\" data-id=\"18be60ce\" data-element_type=\"column\">\n\t\t\t<div class=\"elementor-widget-wrap elementor-element-populated\">\n\t\t\t\t\t\t<div class=\"elementor-element elementor-element-6696e480 elementor-widget elementor-widget-heading\" data-id=\"6696e480\" data-element_type=\"widget\" data-widget_type=\"heading.default\">\n\t\t\t\t<div class=\"elementor-widget-container\">\n\t\t\t\t\t<div class=\"elementor-heading-title elementor-size-default\">Kapcsolat<\/div>\t\t\t\t<\/div>\n\t\t\t\t<\/div>\n\t\t\t\t<div class=\"elementor-element elementor-element-35820984 elementor-widget elementor-widget-text-editor\" data-id=\"35820984\" data-element_type=\"widget\" data-widget_type=\"text-editor.default\">\n\t\t\t\t<div class=\"elementor-widget-container\">\n\t\t\t\t\t\t\t\t\t<p>Telefon : +36 20 295 9986 (munkanapokon 08.00-16.00-ig)<\/p>\t\t\t\t\t\t\t\t<\/div>\n\t\t\t\t<\/div>\n\t\t\t\t<div class=\"elementor-element elementor-element-520410a elementor-widget elementor-widget-text-editor\" data-id=\"520410a\" data-element_type=\"widget\" data-widget_type=\"text-editor.default\">\n\t\t\t\t<div class=\"elementor-widget-container\">\n\t\t\t\t\t\t\t\t\t<p>Email : info@alabpharma.hu<\/p>\t\t\t\t\t\t\t\t<\/div>\n\t\t\t\t<\/div>\n\t\t\t\t\t<\/div>\n\t\t<\/div>\n\t\t\t\t\t<\/div>\n\t\t<\/section>\n\t\t\t\t\t<\/div>\n\t\t<\/div>\n\t\t\t\t\t<\/div>\n\t\t<\/section>\n\t\t\t\t<\/div>\n\t\t","protected":false},"excerpt":{"rendered":"<p>El\u00e9rhet\u0151s\u00e9geink \u00dczlet 1036 Budapest,Lajos u. 74-76. Fsz. 4. FIGYELEM:\u00a0Az \u00fczlet \u00e1ruv\u00e1laszt\u00e9ka elt\u00e9r a web\u00e1ruh\u00e1z v\u00e1laszt\u00e9k\u00e1t\u00f3l, \u00edgy szem\u00e9lyes v\u00e1s\u00e1rl\u00e1s eset\u00e9n k\u00e9rj\u00fck, hogy el\u0151zetesen egyeztessen a term\u00e9k el\u00e9rhet\u0151s\u00e9g\u00e9r\u0151l. Kapcsolat Telefon : +36 20 295 9986 (munkanapokon 08.00-16.00-ig) Email : info@alabpharma.hu<\/p>\n","protected":false},"author":1,"featured_media":0,"parent":0,"menu_order":0,"comment_status":"closed","ping_status":"closed","template":"elementor_header_footer","meta":{"_acf_changed":false,"footnotes":""},"class_list":["post-986","page","type-page","status-publish","hentry"],"acf":[],"yoast_head":"<!-- This site is optimized with the Yoast SEO plugin v26.7 - https:\/\/yoast.com\/wordpress\/plugins\/seo\/ -->\n<title>Kapcsolat - GyorstesztLabor<\/title>\n<meta name=\"description\" content=\"Kapcsolat: Telefon- 0670 647 4656 (08.00-15.00-ig); Email : info@alabpharma.hu;1036 Budapest,Lajos u. 74-76. Fsz. 4.\" \/>\n<meta name=\"robots\" content=\"index, follow, max-snippet:-1, max-image-preview:large, max-video-preview:-1\" \/>\n<link rel=\"canonical\" href=\"https:\/\/rapidtest-lab.com\/en\/kapcsolat\/\" \/>\n<meta property=\"og:locale\" content=\"en_US\" \/>\n<meta property=\"og:type\" content=\"article\" \/>\n<meta property=\"og:title\" content=\"Kapcsolat - GyorstesztLabor\" \/>\n<meta property=\"og:description\" content=\"Kapcsolat: Telefon- 0670 647 4656 (08.00-15.00-ig); Email : info@alabpharma.hu;1036 Budapest,Lajos u. 74-76. Fsz. 4.\" \/>\n<meta property=\"og:url\" content=\"https:\/\/rapidtest-lab.com\/en\/kapcsolat\/\" \/>\n<meta property=\"og:site_name\" content=\"GyorstesztLabor\" \/>\n<meta property=\"article:publisher\" content=\"https:\/\/www.facebook.com\/Gyorsteszt-Labor-101706918220519\/\" \/>\n<meta property=\"article:modified_time\" content=\"2025-10-28T18:35:46+00:00\" \/>\n<meta name=\"twitter:card\" content=\"summary_large_image\" \/>\n<script type=\"application\/ld+json\" class=\"yoast-schema-graph\">{\"@context\":\"https:\/\/schema.org\",\"@graph\":[{\"@type\":\"WebPage\",\"@id\":\"https:\/\/rapidtest-lab.com\/en\/kapcsolat\/\",\"url\":\"https:\/\/rapidtest-lab.com\/en\/kapcsolat\/\",\"name\":\"Kapcsolat - GyorstesztLabor\",\"isPartOf\":{\"@id\":\"https:\/\/rapidtest-lab.com\/#website\"},\"datePublished\":\"2020-04-30T23:38:49+00:00\",\"dateModified\":\"2025-10-28T18:35:46+00:00\",\"description\":\"Kapcsolat: Telefon- 0670 647 4656 (08.00-15.00-ig); Email : info@alabpharma.hu;1036 Budapest,Lajos u. 74-76. Fsz. 4.\",\"breadcrumb\":{\"@id\":\"https:\/\/rapidtest-lab.com\/en\/kapcsolat\/#breadcrumb\"},\"inLanguage\":\"en-US\",\"potentialAction\":[{\"@type\":\"ReadAction\",\"target\":[\"https:\/\/rapidtest-lab.com\/en\/kapcsolat\/\"]}]},{\"@type\":\"BreadcrumbList\",\"@id\":\"https:\/\/rapidtest-lab.com\/en\/kapcsolat\/#breadcrumb\",\"itemListElement\":[{\"@type\":\"ListItem\",\"position\":1,\"name\":\"Home\",\"item\":\"https:\/\/rapidtest-lab.com\/en\/\"},{\"@type\":\"ListItem\",\"position\":2,\"name\":\"Kapcsolat\"}]},{\"@type\":\"WebSite\",\"@id\":\"https:\/\/rapidtest-lab.com\/#website\",\"url\":\"https:\/\/rapidtest-lab.com\/\",\"name\":\"GyorstesztLabor\",\"description\":\"Tartsuk k&eacute;zben az eg&eacute;szs&eacute;g&uuml;nket!\",\"potentialAction\":[{\"@type\":\"SearchAction\",\"target\":{\"@type\":\"EntryPoint\",\"urlTemplate\":\"https:\/\/rapidtest-lab.com\/?s={search_term_string}\"},\"query-input\":{\"@type\":\"PropertyValueSpecification\",\"valueRequired\":true,\"valueName\":\"search_term_string\"}}],\"inLanguage\":\"en-US\"}]}<\/script>\n<!-- \/ Yoast SEO plugin. -->","yoast_head_json":{"title":"Kapcsolat - GyorstesztLabor","description":"Kapcsolat: Telefon- 0670 647 4656 (08.00-15.00-ig); Email : info@alabpharma.hu;1036 Budapest,Lajos u. 74-76. Fsz. 4.","robots":{"index":"index","follow":"follow","max-snippet":"max-snippet:-1","max-image-preview":"max-image-preview:large","max-video-preview":"max-video-preview:-1"},"canonical":"https:\/\/rapidtest-lab.com\/en\/kapcsolat\/","og_locale":"en_US","og_type":"article","og_title":"Kapcsolat - GyorstesztLabor","og_description":"Kapcsolat: Telefon- 0670 647 4656 (08.00-15.00-ig); Email : info@alabpharma.hu;1036 Budapest,Lajos u. 74-76. Fsz. 4.","og_url":"https:\/\/rapidtest-lab.com\/en\/kapcsolat\/","og_site_name":"GyorstesztLabor","article_publisher":"https:\/\/www.facebook.com\/Gyorsteszt-Labor-101706918220519\/","article_modified_time":"2025-10-28T18:35:46+00:00","twitter_card":"summary_large_image","schema":{"@context":"https:\/\/schema.org","@graph":[{"@type":"WebPage","@id":"https:\/\/rapidtest-lab.com\/en\/kapcsolat\/","url":"https:\/\/rapidtest-lab.com\/en\/kapcsolat\/","name":"Kapcsolat - GyorstesztLabor","isPartOf":{"@id":"https:\/\/rapidtest-lab.com\/#website"},"datePublished":"2020-04-30T23:38:49+00:00","dateModified":"2025-10-28T18:35:46+00:00","description":"Kapcsolat: Telefon- 0670 647 4656 (08.00-15.00-ig); Email : info@alabpharma.hu;1036 Budapest,Lajos u. 74-76. Fsz. 4.","breadcrumb":{"@id":"https:\/\/rapidtest-lab.com\/en\/kapcsolat\/#breadcrumb"},"inLanguage":"en-US","potentialAction":[{"@type":"ReadAction","target":["https:\/\/rapidtest-lab.com\/en\/kapcsolat\/"]}]},{"@type":"BreadcrumbList","@id":"https:\/\/rapidtest-lab.com\/en\/kapcsolat\/#breadcrumb","itemListElement":[{"@type":"ListItem","position":1,"name":"Home","item":"https:\/\/rapidtest-lab.com\/en\/"},{"@type":"ListItem","position":2,"name":"Kapcsolat"}]},{"@type":"WebSite","@id":"https:\/\/rapidtest-lab.com\/#website","url":"https:\/\/rapidtest-lab.com\/","name":"GyorstesztLabor","description":"Tartsuk k&eacute;zben az eg&eacute;szs&eacute;g&uuml;nket!","potentialAction":[{"@type":"SearchAction","target":{"@type":"EntryPoint","urlTemplate":"https:\/\/rapidtest-lab.com\/?s={search_term_string}"},"query-input":{"@type":"PropertyValueSpecification","valueRequired":true,"valueName":"search_term_string"}}],"inLanguage":"en-US"}]}},"_links":{"self":[{"href":"https:\/\/rapidtest-lab.com\/en\/wp-json\/wp\/v2\/pages\/986","targetHints":{"allow":["GET"]}}],"collection":[{"href":"https:\/\/rapidtest-lab.com\/en\/wp-json\/wp\/v2\/pages"}],"about":[{"href":"https:\/\/rapidtest-lab.com\/en\/wp-json\/wp\/v2\/types\/page"}],"author":[{"embeddable":true,"href":"https:\/\/rapidtest-lab.com\/en\/wp-json\/wp\/v2\/users\/1"}],"replies":[{"embeddable":true,"href":"https:\/\/rapidtest-lab.com\/en\/wp-json\/wp\/v2\/comments?post=986"}],"version-history":[{"count":14,"href":"https:\/\/rapidtest-lab.com\/en\/wp-json\/wp\/v2\/pages\/986\/revisions"}],"predecessor-version":[{"id":28152,"href":"https:\/\/rapidtest-lab.com\/en\/wp-json\/wp\/v2\/pages\/986\/revisions\/28152"}],"wp:attachment":[{"href":"https:\/\/rapidtest-lab.com\/en\/wp-json\/wp\/v2\/media?parent=986"}],"curies":[{"name":"wp","href":"https:\/\/api.w.org\/{rel}","templated":true}]}}