{"id":898,"date":"2020-05-03T11:25:06","date_gmt":"2020-05-03T09:25:06","guid":{"rendered":"https:\/\/rapidtest-lab.com\/termek\/pajzsmirigy-alulmukodes\/"},"modified":"2023-02-20T13:36:01","modified_gmt":"2023-02-20T11:36:01","slug":"thyroid-almphoma","status":"publish","type":"product","link":"https:\/\/rapidtest-lab.com\/en\/termek\/thyroid-almphoma\/","title":{"rendered":"Hypothyroidism rapid test"},"content":{"rendered":"<p><strong>How does the hypothyroidism test work?<\/strong><\/p>\n<p>The thyroid-stimulating hormone TSH affects thyroid function. Elevated TSH levels most often indicate an underactive thyroid gland. The Thyroid Test measures TSH levels and thus provides an opportunity to detect abnormal thyroid function. If positive, TSH levels above 5 \u00b5NE\/mL may indicate an underactive thyroid.<\/p>\n<p><strong>What are the symptoms of hypothyroidism?<\/strong><\/p>\n<ul>\n<li>fatigue<\/li>\n<li>leverts\u00e9g<\/li>\n<li>irritability<\/li>\n<li>weight gain<\/li>\n<li>loss of appetite<\/li>\n<li>oblivion<\/li>\n<li>concentration disorder<\/li>\n<li>depression<\/li>\n<li>dry skin, brittle hair and nails<\/li>\n<li>thinning body hair, baldness<\/li>\n<li>Frostbite<\/li>\n<li>constipation<\/li>\n<li>menstrual disorders<\/li>\n<li>product link<\/li>\n<li>goitre (goitre) can also develop<\/li>\n<li>hoarse, deep voice<\/li>\n<li>decreased libido<\/li>\n<li>elevated cholesterol levels<\/li>\n<li>swelling around the eyes<\/li>\n<li>heart rhythm disturbance, decreased heart rate.<\/li>\n<\/ul>\n<p><strong>Who is recommended to take the hypothyroidism test?<\/strong><\/p>\n<ul>\n<li>for women who experience the above symptoms<\/li>\n<li>for men who suffer from erectile dysfunction, impotence, low libido<\/li>\n<li>those with a family history of thyroid disease<\/li>\n<\/ul>\n<p><strong>What can cause hypothyroidism in the body?<\/strong><\/p>\n<ul>\n<li>chronic inflammation of the thyroid gland<\/li>\n<li>thyroid hormone production disorder<\/li>\n<li>insufficient iodine consumption<\/li>\n<li>isotope treatment<\/li>\n<li>surgical removal of the thyroid gland<\/li>\n<\/ul>\n<p><strong>About hypothyroidism<\/strong><\/p>\n<p>With the number of patients suffering from hypothyroidism on the rise, thyroid disorders are now one of the most common health problems in the world, particularly among women.<\/p>\n<p>Symptoms of underactivity can include fatigue, lethargy, weight gain, infertility, dry skin, thinning hair, forgetfulness, depression, colds, constipation and, in women, menstrual irregularities.<\/p>\n<p>Hypothyroidism can also affect men. They may have erectile dysfunction, impotence, low libido.<\/p>\n<p>The early detection of hypothyroidism is complicated by the fact that symptoms are varied and may be mild at first. The thyroid-stimulating hormone TSH is produced in the pituitary gland and regulates thyroid activity. Elevated TSH levels most often indicate an underactive thyroid gland.<\/p>\n<p>The hypothyroidism test measures TSH levels and thus provides an opportunity to detect abnormal thyroid function. The hypothyroidism test is a rapid immunological test to measure elevated levels of the hormone TSH, which can be used to detect hypothyroidism. All it takes is a drop of blood taken from a fingertip.<\/p>\n<p><strong>What is included in the hypothyroidism test?<\/strong><\/p>\n<p>A doboz a teszt elv\u00e9gz\u00e9s\u00e9hez sz\u00fcks\u00e9ges eszk\u00f6z\u00f6ket tartalmazza, mint:<\/p>\n<p>1 db lez\u00e1rt alum\u00ednium tasak, benne:<\/p>\n<ul>\n<li>1 db tesztkazetta<\/li>\n<li>1 db m\u0171anyag pipetta<\/li>\n<li>1 db p\u00e1raelsz\u00edv\u00f3 p\u00e1rna<\/li>\n<\/ul>\n<p>A dobozban tal\u00e1lhat\u00f3 m\u00e9g:<\/p>\n<ul>\n<li>1 sterile finger pricker for blood collection<\/li>\n<li>1 db 1 ml puffer oldatot tartalmaz\u00f3 cseppent\u0151 fiola<\/li>\n<li>1 db haszn\u00e1lati utas\u00edt\u00e1s<\/li>\n<li>1 wipe with alcohol (70%).<\/li>\n<\/ul>\n<p><strong>The Hypothyroidism Rapid Test is CE certified.<\/strong><\/p>\n<p>WARNING! Open the aluminium pouch only after you have prepared everything for the test! The extraction pad in the bag is not included in the testing process.<\/p>\n<p><strong>How to take the hypothyroidism test?<\/strong><\/p>\n<ol>\n<li>Wash your hands with soap and rinse with clean water!<\/li>\n<li>T\u00e9pje fel a v\u00e9d\u0151csomagol\u00e1st (a bemetsz\u00e9sn\u00e9l) \u00e9s vegye ki bel\u0151le a tesztet \u00e9s a pipett\u00e1t, majd dobja ki mind az alum\u00ednium-, mind a p\u00e1raelsz\u00edv\u00f3 tasakokat!<\/li>\n<li>Push the small orange safety tab of the automatic spear towards the inside of the spear until you hear a click, indicating that the device is activated.<\/li>\n<li>Remove the orange safety tab with a twisting motion<\/li>\n<li>Clean one of your fingertips with the alcohol swab. Massz\u00edrozza az ujjbegy\u00e9t lefel\u00e9, hogy megteljen v\u00e9rrel.<\/li>\n<li>Press the spear firmly against the cleaned fingertip. Then press the release button.<\/li>\n<li>A l\u00e1ndzsa hegye a sz\u00far\u00e1st k\u00f6vet\u0151en automatikusan \u00e9s biztons\u00e1gosan visszaugrik a hely\u00e9re. Ne haszn\u00e1lja fel t\u00f6bbsz\u00f6r a l\u00e1ndzs\u00e1t!<\/li>\n<li>Massz\u00edrozza a megsz\u00fart ujjbegy\u00e9t a v\u00e9r kibuggyan\u00e1s\u00e1ig.<\/li>\n<li>Hold the pipette up to the blood drop and suck the blood up to the line marked inside the pipette. Do not squeeze the end of the pipette while doing this! Ha nem \u00e9ri el a v\u00e9r a jelz\u00e9st, massz\u00edrozza \u00fajra az ujjbegy\u00e9t, hogy m\u00e9g egy kis mint\u00e1t nyerjen. Amennyire lehets\u00e9ges, t\u00f6rekedjen a l\u00e9gbubor\u00e9k elker\u00fcl\u00e9s\u00e9hez.<\/li>\n<li>Drop the blood sample into the round sample collection window of the test cassette by squeezing the pipette.<\/li>\n<li>Wait for the blood to be absorbed from the sample window, then drop 4-5 drops of the vial containing the buffer solution into the same window. Leave the test cassette horizontal and do not move it.<\/li>\n<li>Read the result in between 10 and 15 minutes. Ne \u00e9rt\u00e9kelje a tesztet 10 percen bel\u00fcl \u00e9s 15 perc eltelte ut\u00e1n!<\/li>\n<\/ol>\n<p><strong>Evaluation of the result<\/strong><\/p>\n<p>A megjelen\u0151 cs\u00edkok sz\u00ednintenzit\u00e1sa nem befoly\u00e1solja az eredm\u00e9nyt!<\/p>\n<p><strong>Negat\u00edv eredm\u00e9ny<\/strong><\/p>\n<p>Csak egy cs\u00edk jelenik meg a kontrollfel\u00fcleten, a C jelz\u00e9s alatt. This result means that the TSH level is within normal limits.<\/p>\n<p><strong>Pozit\u00edv eredm\u00e9ny<\/strong><\/p>\n<p>K\u00e9t cs\u00edk jelenik meg a kontrollfel\u00fcleten: a T \u00e9s a C jelz\u00e9sek alatt (nem sz\u00e1m\u00edt, ha az egyik halv\u00e1nyabb, mint a m\u00e1sik). This result means that your TSH hormone levels are higher than normal. If the result is positive, see your doctor!<\/p>\n<p><strong>\u00c9rv\u00e9nytelen eredm\u00e9ny<\/strong><\/p>\n<p>\u00c9rv\u00e9nytelen eredm\u00e9nynek sz\u00e1m\u00edt, ha egyetlen cs\u00edk sem jelenik meg a kontrollfel\u00fcleten, illetve, ha csak a T jelz\u00e9s alatt l\u00e1that\u00f3 elsz\u00ednez\u0151d\u00f6tt cs\u00edk. In both cases, the test is invalid and it is recommended that the test be repeated.<\/p>\n<p><strong>Test your health quickly and easily with the Hypothyroidism test!<\/strong><\/p>\n<p><strong>Remember, the sooner a possible abnormality is detected, the sooner unpleasant symptoms can be eliminated!<\/strong><\/p>\n","protected":false},"excerpt":{"rendered":"<ul>\n<li><strong>The Hypothyroidism Rapid Test measures TSH levels and thus provides an opportunity to detect abnormal thyroid function.<\/strong><\/li>\n<\/ul>\n<ul>\n<li>Otthon, b\u00e1rki \u00e1ltal elv\u00e9gezhet\u0151 gyorsteszt.<\/li>\n<li>Gyors, egyszer\u0171, haszn\u00e1lat, eredm\u00e9ny egy csepp v\u00e9rb\u0151l.<\/li>\n<li>95.5% accuracy, reliable results.<\/li>\n<li>Eredm\u00e9ny 10 perc alatt.<\/li>\n<\/ul>\n<p>A csomag 1 tesztet tartalmaz tartoz\u00e9kaival egy\u00fctt.<\/p>\n","protected":false},"featured_media":470,"comment_status":"closed","ping_status":"closed","template":"","meta":{"_acf_changed":false,"footnotes":""},"product_brand":[],"product_cat":[113],"product_tag":[],"class_list":{"0":"post-898","1":"product","2":"type-product","3":"status-publish","4":"has-post-thumbnail","6":"product_cat-thyroid","8":"first","9":"instock","10":"taxable","11":"shipping-taxable","12":"purchasable","13":"product-type-simple"},"bundled_by":[],"bundle_stock_status":"instock","bundle_stock_quantity":-1,"bundle_virtual":false,"bundle_layout":"","bundle_add_to_cart_form_location":"","bundle_editable_in_cart":false,"bundle_sold_individually_context":"","bundle_item_grouping":"","bundle_min_size":"","bundle_max_size":"","bundle_price":[],"bundled_items":[],"bundle_sell_ids":[],"exclude_global_add_ons":[],"addons":[],"acf":[],"yoast_head":"<!-- This site is optimized with the Yoast SEO plugin v26.7 - https:\/\/yoast.com\/wordpress\/plugins\/seo\/ -->\n<title>Hypothyroidism rapid test - GyorstesztLabor<\/title>\n<meta name=\"description\" content=\"{:hu}The thyroid-stimulating hormone TSH affects thyroid function. Elevated TSH levels most often indicate an underactive thyroid gland. The Thyroid Test measures TSH levels and thus provides an opportunity to detect abnormal thyroid function. If positive, TSH levels above 5 \u00b5NE\/mL may indicate hypothyroidism.{:en}Thyroid disorders are one of the most prevalent medical conditions in the world, particularly for women, with an increasing rate of the population suffering under active thyroid (hypothyroidism).{:}\" \/>\n<meta name=\"robots\" content=\"index, follow, max-snippet:-1, max-image-preview:large, max-video-preview:-1\" \/>\n<link rel=\"canonical\" href=\"https:\/\/rapidtest-lab.com\/en\/termek\/pajzsmirigy-alulmukodes\/\" \/>\n<meta property=\"og:locale\" content=\"en_US\" \/>\n<meta property=\"og:type\" content=\"article\" \/>\n<meta property=\"og:title\" content=\"Hypothyroidism rapid test - GyorstesztLabor\" \/>\n<meta property=\"og:description\" content=\"{:hu}The thyroid-stimulating hormone TSH affects thyroid function. Elevated TSH levels most often indicate an underactive thyroid gland. The Thyroid Test measures TSH levels and thus provides an opportunity to detect abnormal thyroid function. If positive, TSH levels above 5 \u00b5NE\/mL may indicate hypothyroidism.{:en}Thyroid disorders are one of the most prevalent medical conditions in the world, particularly for women, with an increasing rate of the population suffering under active thyroid (hypothyroidism).{:}\" \/>\n<meta property=\"og:url\" content=\"https:\/\/rapidtest-lab.com\/en\/termek\/pajzsmirigy-alulmukodes\/\" \/>\n<meta property=\"og:site_name\" content=\"GyorstesztLabor\" \/>\n<meta property=\"article:publisher\" content=\"https:\/\/www.facebook.com\/Gyorsteszt-Labor-101706918220519\/\" \/>\n<meta property=\"article:modified_time\" content=\"2023-02-20T11:36:01+00:00\" \/>\n<meta property=\"og:image\" content=\"https:\/\/rapidtest-lab.com\/wp-content\/uploads\/2020\/05\/pajzsmirigy_teszt-1.png\" \/>\n\t<meta property=\"og:image:width\" content=\"433\" \/>\n\t<meta property=\"og:image:height\" content=\"315\" \/>\n\t<meta property=\"og:image:type\" content=\"image\/png\" \/>\n<meta name=\"twitter:card\" content=\"summary_large_image\" \/>\n<meta name=\"twitter:label1\" content=\"Est. reading time\" \/>\n\t<meta name=\"twitter:data1\" content=\"5 minutes\" \/>\n<script type=\"application\/ld+json\" class=\"yoast-schema-graph\">{\"@context\":\"https:\/\/schema.org\",\"@graph\":[{\"@type\":\"WebPage\",\"@id\":\"https:\/\/rapidtest-lab.com\/en\/termek\/pajzsmirigy-alulmukodes\/\",\"url\":\"https:\/\/rapidtest-lab.com\/en\/termek\/pajzsmirigy-alulmukodes\/\",\"name\":\"Hypothyroidism rapid test - GyorstesztLabor\",\"isPartOf\":{\"@id\":\"https:\/\/rapidtest-lab.com\/#website\"},\"primaryImageOfPage\":{\"@id\":\"https:\/\/rapidtest-lab.com\/en\/termek\/pajzsmirigy-alulmukodes\/#primaryimage\"},\"image\":{\"@id\":\"https:\/\/rapidtest-lab.com\/en\/termek\/pajzsmirigy-alulmukodes\/#primaryimage\"},\"thumbnailUrl\":\"https:\/\/rapidtest-lab.com\/wp-content\/uploads\/2020\/05\/pajzsmirigy_teszt-1.png\",\"datePublished\":\"2020-05-03T09:25:06+00:00\",\"dateModified\":\"2023-02-20T11:36:01+00:00\",\"description\":\"{:hu}The thyroid-stimulating hormone TSH affects thyroid function. Elevated TSH levels most often indicate an underactive thyroid gland. The Thyroid Test measures TSH levels and thus provides an opportunity to detect abnormal thyroid function. If positive, TSH levels above 5 \u00b5NE\/mL may indicate hypothyroidism.{:en}Thyroid disorders are one of the most prevalent medical conditions in the world, particularly for women, with an increasing rate of the population suffering under active thyroid (hypothyroidism).{:}\",\"breadcrumb\":{\"@id\":\"https:\/\/rapidtest-lab.com\/en\/termek\/pajzsmirigy-alulmukodes\/#breadcrumb\"},\"inLanguage\":\"en-US\",\"potentialAction\":[{\"@type\":\"ReadAction\",\"target\":[\"https:\/\/rapidtest-lab.com\/en\/termek\/pajzsmirigy-alulmukodes\/\"]}]},{\"@type\":\"ImageObject\",\"inLanguage\":\"en-US\",\"@id\":\"https:\/\/rapidtest-lab.com\/en\/termek\/pajzsmirigy-alulmukodes\/#primaryimage\",\"url\":\"https:\/\/rapidtest-lab.com\/wp-content\/uploads\/2020\/05\/pajzsmirigy_teszt-1.png\",\"contentUrl\":\"https:\/\/rapidtest-lab.com\/wp-content\/uploads\/2020\/05\/pajzsmirigy_teszt-1.png\",\"width\":433,\"height\":315,\"caption\":\"pajzsmirigy_teszt\"},{\"@type\":\"BreadcrumbList\",\"@id\":\"https:\/\/rapidtest-lab.com\/en\/termek\/pajzsmirigy-alulmukodes\/#breadcrumb\",\"itemListElement\":[{\"@type\":\"ListItem\",\"position\":1,\"name\":\"Home\",\"item\":\"https:\/\/rapidtest-lab.com\/en\/\"},{\"@type\":\"ListItem\",\"position\":2,\"name\":\"\u00dczlet\",\"item\":\"https:\/\/rapidtest-lab.com\/en\/uzlet\/\"},{\"@type\":\"ListItem\",\"position\":3,\"name\":\"Hypothyroidism rapid test\"}]},{\"@type\":\"WebSite\",\"@id\":\"https:\/\/rapidtest-lab.com\/#website\",\"url\":\"https:\/\/rapidtest-lab.com\/\",\"name\":\"GyorstesztLabor\",\"description\":\"Tartsuk k&eacute;zben az eg&eacute;szs&eacute;g&uuml;nket!\",\"potentialAction\":[{\"@type\":\"SearchAction\",\"target\":{\"@type\":\"EntryPoint\",\"urlTemplate\":\"https:\/\/rapidtest-lab.com\/?s={search_term_string}\"},\"query-input\":{\"@type\":\"PropertyValueSpecification\",\"valueRequired\":true,\"valueName\":\"search_term_string\"}}],\"inLanguage\":\"en-US\"}]}<\/script>\n<!-- \/ Yoast SEO plugin. -->","yoast_head_json":{"title":"Hypothyroidism rapid test - GyorstesztLabor","description":"{:hu}The thyroid-stimulating hormone TSH affects thyroid function. Elevated TSH levels most often indicate an underactive thyroid gland. The Thyroid Test measures TSH levels and thus provides an opportunity to detect abnormal thyroid function. If positive, TSH levels above 5 \u00b5NE\/mL may indicate hypothyroidism.{:en}Thyroid disorders are one of the most prevalent medical conditions in the world, particularly for women, with an increasing rate of the population suffering under active thyroid (hypothyroidism).{:}","robots":{"index":"index","follow":"follow","max-snippet":"max-snippet:-1","max-image-preview":"max-image-preview:large","max-video-preview":"max-video-preview:-1"},"canonical":"https:\/\/rapidtest-lab.com\/en\/termek\/pajzsmirigy-alulmukodes\/","og_locale":"en_US","og_type":"article","og_title":"Hypothyroidism rapid test - GyorstesztLabor","og_description":"{:hu}The thyroid-stimulating hormone TSH affects thyroid function. Elevated TSH levels most often indicate an underactive thyroid gland. The Thyroid Test measures TSH levels and thus provides an opportunity to detect abnormal thyroid function. If positive, TSH levels above 5 \u00b5NE\/mL may indicate hypothyroidism.{:en}Thyroid disorders are one of the most prevalent medical conditions in the world, particularly for women, with an increasing rate of the population suffering under active thyroid (hypothyroidism).{:}","og_url":"https:\/\/rapidtest-lab.com\/en\/termek\/pajzsmirigy-alulmukodes\/","og_site_name":"GyorstesztLabor","article_publisher":"https:\/\/www.facebook.com\/Gyorsteszt-Labor-101706918220519\/","article_modified_time":"2023-02-20T11:36:01+00:00","og_image":[{"width":433,"height":315,"url":"https:\/\/rapidtest-lab.com\/wp-content\/uploads\/2020\/05\/pajzsmirigy_teszt-1.png","type":"image\/png"}],"twitter_card":"summary_large_image","twitter_misc":{"Est. reading time":"5 minutes"},"schema":{"@context":"https:\/\/schema.org","@graph":[{"@type":"WebPage","@id":"https:\/\/rapidtest-lab.com\/en\/termek\/pajzsmirigy-alulmukodes\/","url":"https:\/\/rapidtest-lab.com\/en\/termek\/pajzsmirigy-alulmukodes\/","name":"Hypothyroidism rapid test - GyorstesztLabor","isPartOf":{"@id":"https:\/\/rapidtest-lab.com\/#website"},"primaryImageOfPage":{"@id":"https:\/\/rapidtest-lab.com\/en\/termek\/pajzsmirigy-alulmukodes\/#primaryimage"},"image":{"@id":"https:\/\/rapidtest-lab.com\/en\/termek\/pajzsmirigy-alulmukodes\/#primaryimage"},"thumbnailUrl":"https:\/\/rapidtest-lab.com\/wp-content\/uploads\/2020\/05\/pajzsmirigy_teszt-1.png","datePublished":"2020-05-03T09:25:06+00:00","dateModified":"2023-02-20T11:36:01+00:00","description":"{:hu}The thyroid-stimulating hormone TSH affects thyroid function. Elevated TSH levels most often indicate an underactive thyroid gland. The Thyroid Test measures TSH levels and thus provides an opportunity to detect abnormal thyroid function. If positive, TSH levels above 5 \u00b5NE\/mL may indicate hypothyroidism.{:en}Thyroid disorders are one of the most prevalent medical conditions in the world, particularly for women, with an increasing rate of the population suffering under active thyroid (hypothyroidism).{:}","breadcrumb":{"@id":"https:\/\/rapidtest-lab.com\/en\/termek\/pajzsmirigy-alulmukodes\/#breadcrumb"},"inLanguage":"en-US","potentialAction":[{"@type":"ReadAction","target":["https:\/\/rapidtest-lab.com\/en\/termek\/pajzsmirigy-alulmukodes\/"]}]},{"@type":"ImageObject","inLanguage":"en-US","@id":"https:\/\/rapidtest-lab.com\/en\/termek\/pajzsmirigy-alulmukodes\/#primaryimage","url":"https:\/\/rapidtest-lab.com\/wp-content\/uploads\/2020\/05\/pajzsmirigy_teszt-1.png","contentUrl":"https:\/\/rapidtest-lab.com\/wp-content\/uploads\/2020\/05\/pajzsmirigy_teszt-1.png","width":433,"height":315,"caption":"pajzsmirigy_teszt"},{"@type":"BreadcrumbList","@id":"https:\/\/rapidtest-lab.com\/en\/termek\/pajzsmirigy-alulmukodes\/#breadcrumb","itemListElement":[{"@type":"ListItem","position":1,"name":"Home","item":"https:\/\/rapidtest-lab.com\/en\/"},{"@type":"ListItem","position":2,"name":"\u00dczlet","item":"https:\/\/rapidtest-lab.com\/en\/uzlet\/"},{"@type":"ListItem","position":3,"name":"Hypothyroidism rapid test"}]},{"@type":"WebSite","@id":"https:\/\/rapidtest-lab.com\/#website","url":"https:\/\/rapidtest-lab.com\/","name":"GyorstesztLabor","description":"Tartsuk k&eacute;zben az eg&eacute;szs&eacute;g&uuml;nket!","potentialAction":[{"@type":"SearchAction","target":{"@type":"EntryPoint","urlTemplate":"https:\/\/rapidtest-lab.com\/?s={search_term_string}"},"query-input":{"@type":"PropertyValueSpecification","valueRequired":true,"valueName":"search_term_string"}}],"inLanguage":"en-US"}]}},"_links":{"self":[{"href":"https:\/\/rapidtest-lab.com\/en\/wp-json\/wp\/v2\/product\/898","targetHints":{"allow":["GET"]}}],"collection":[{"href":"https:\/\/rapidtest-lab.com\/en\/wp-json\/wp\/v2\/product"}],"about":[{"href":"https:\/\/rapidtest-lab.com\/en\/wp-json\/wp\/v2\/types\/product"}],"replies":[{"embeddable":true,"href":"https:\/\/rapidtest-lab.com\/en\/wp-json\/wp\/v2\/comments?post=898"}],"version-history":[{"count":0,"href":"https:\/\/rapidtest-lab.com\/en\/wp-json\/wp\/v2\/product\/898\/revisions"}],"wp:featuredmedia":[{"embeddable":true,"href":"https:\/\/rapidtest-lab.com\/en\/wp-json\/wp\/v2\/media\/470"}],"wp:attachment":[{"href":"https:\/\/rapidtest-lab.com\/en\/wp-json\/wp\/v2\/media?parent=898"}],"wp:term":[{"taxonomy":"product_brand","embeddable":true,"href":"https:\/\/rapidtest-lab.com\/en\/wp-json\/wp\/v2\/product_brand?post=898"},{"taxonomy":"product_cat","embeddable":true,"href":"https:\/\/rapidtest-lab.com\/en\/wp-json\/wp\/v2\/product_cat?post=898"},{"taxonomy":"product_tag","embeddable":true,"href":"https:\/\/rapidtest-lab.com\/en\/wp-json\/wp\/v2\/product_tag?post=898"}],"curies":[{"name":"wp","href":"https:\/\/api.w.org\/{rel}","templated":true}]}}