{"id":914,"date":"2020-05-01T13:04:06","date_gmt":"2020-05-01T11:04:06","guid":{"rendered":"https:\/\/rapidtest-lab.com\/termek\/emesztorendszer\/"},"modified":"2023-02-20T13:36:02","modified_gmt":"2023-02-20T11:36:02","slug":"prostate-system","status":"publish","type":"product","link":"https:\/\/rapidtest-lab.com\/en\/termek\/prostate-system\/","title":{"rendered":"Digestive system quick test"},"content":{"rendered":"<p><strong>Test your digestive system in the comfort of your own home. The sooner a possible illness is detected, the sooner the unpleasant symptoms can be reduced and the more likely it is that no serious complications will develop!<\/strong><\/p>\n<p><strong> <\/strong><\/p>\n<p><strong>What is the Digestive System Rapid Test for?<\/strong><\/p>\n<p>A rapid test is used to detect hidden bleeding in the faeces, which may indicate a gastrointestinal disorder but is not visible to the naked eye. As symptoms are not detectable, it is worth checking that the inside of your digestive tract is healthy by doing a rapid digestive tract test. <strong>Over the age of 45, it is advisable to have an annual digestive tract test<\/strong> to make sure your digestive tract is healthy or to consult a doctor in time to stay healthy.<\/p>\n<p><strong>The rapid test detects symptoms of diseases such as: colitis, ulcers, polyps, rectal fissures, colon cancer or oral bleeding.<\/strong><\/p>\n<p>The rapid test is an immunological test developed to self-test faecal blood. No special diet is required before the test. To ensure reliable results, stool samples are collected on 3 consecutive days.<\/p>\n<p><strong>Who should take the test?<\/strong><\/p>\n<ul>\n<li>For everyone over the age of 45-50.<\/li>\n<li>For people with digestive complaints (e.g. constipation, diarrhoea, bloating).<\/li>\n<li>For those who experience recurrent abdominal pain, abdominal cramps.<\/li>\n<li>For those who have a change in bowel movements.<\/li>\n<li>For those who notice unusual, seemingly unprovoked weight loss.<\/li>\n<li>For smokers.<\/li>\n<li>For regular drinkers.<\/li>\n<li>For those with a family history of colon or stomach cancer.<\/li>\n<\/ul>\n<p><strong>What diseases can bloody stools indicate?<\/strong><\/p>\n<ul>\n<li>colon cancer<\/li>\n<li>stomach and duodenal ulcers<\/li>\n<li>gastritis<\/li>\n<li>colon polyp<\/li>\n<li>ulcerative colitis (colitis ulcerosa)<\/li>\n<li>anal fissure<\/li>\n<li>hemorrhoids<\/li>\n<li>Crohn&#8217;s disease<\/li>\n<\/ul>\n<p><strong>What is included in the test?<\/strong><\/p>\n<p>The box contains all the tools needed to carry out the test, such as:<\/p>\n<p>1 sealed aluminium pouch, containing:<\/p>\n<ul>\n<li>test tape<\/li>\n<li>hood cushion<\/li>\n<\/ul>\n<p>A dobozban tal\u00e1lhat\u00f3 m\u00e9g:<\/p>\n<ul>\n<li>3 paper strips for stool sample collection<\/li>\n<li>1 sample collection tube containing 2 ml solution in a protective bag<\/li>\n<li>1 db haszn\u00e1lati utas\u00edt\u00e1s<\/li>\n<\/ul>\n<p><strong>The Digestive System Rapid Test is CE certified!<\/strong><\/p>\n<p>Open the aluminium pouch only when you have everything you need to do the test and the 3 days stool sample is available. The hood cushion is not included in the testing process!<\/p>\n<p><strong>How to take the test<\/strong><\/p>\n<p>Before the test is performed, a stool sample should be collected as described below:<\/p>\n<p><strong>Sample collection<\/strong><\/p>\n<p><strong>Day 1<\/strong><\/p>\n<ol>\n<li>Wash your hands with soap and rinse with clean water.<\/li>\n<li>The faeces should be emptied into the special paper strip provided in the box. Use only one strip of paper each day.<\/li>\n<li>Unscrew the cap of the sample tube and pierce in three different places approx. 2 cm deep into the stool sample.<\/li>\n<li>Place the stool swab back inside the sample tube and close the cap. Shake the sample with the solution to mix thoroughly. Put the tube back in the plastic bag and keep it in the refrigerator between samples.<\/li>\n<li>Remove the sample paper strip and flush it down the toilet.<\/li>\n<\/ol>\n<p><strong>Day two<\/strong><\/p>\n<p>Repeat steps 1-5.<\/p>\n<p><strong>Day three<\/strong><\/p>\n<p>Repeat steps 1-5.<\/p>\n<p><strong>Evaluation of the test after the three-day sample collection process:<\/strong><\/p>\n<p>Before performing the test, remove the sample collection tube from the refrigerator and wait until it and the test cassette are at room temperature.<\/p>\n<ol>\n<li>At the marking, tear open the protective wrapping of the test cassette. Place it on a horizontal surface. Throw out the hood cushion!<\/li>\n<li>Break off the end of the tube.<\/li>\n<li>Squeeze the walls of the collection tube and drop 6 drops of the mixture into the round window of the test cassette.<\/li>\n<li>Read the result in 10 minutes. Do not evaluate the test after 15 minutes!<\/li>\n<\/ol>\n<p><strong>Evaluation of the results<\/strong><\/p>\n<p>The colour intensity of the stripes that appear does not affect the result.<\/p>\n<p><strong>Pozit\u00edv eredm\u00e9ny<\/strong><\/p>\n<p>K\u00e9t cs\u00edk jelenik meg a kontrollfel\u00fcleten: a T \u00e9s a C jelz\u00e9sek alatt (nem sz\u00e1m\u00edt, ha az egyik halv\u00e1nyabb, mint a m\u00e1sik).<br \/>\nThe result indicates that blood is present in the stool sample. If the result is positive, see your doctor!<\/p>\n<p><strong>Negat\u00edv eredm\u00e9ny<\/strong><\/p>\n<p>Csak egy cs\u00edk jelenik meg a kontrollfel\u00fcleten, a C jelz\u00e9s alatt. This result means that there is no blood in the stool sample.<\/p>\n<p><strong>\u00c9rv\u00e9nytelen eredm\u00e9ny<\/strong><\/p>\n<p>\u00c9rv\u00e9nytelen eredm\u00e9nynek sz\u00e1m\u00edt, ha egyetlen cs\u00edk sem jelenik meg a kontrollfel\u00fcleten, illetve, ha csak a T jelz\u00e9s alatt l\u00e1that\u00f3 elsz\u00ednez\u0151d\u00f6tt cs\u00edk. Mindk\u00e9t esetben \u00e9rt\u00e9kelhetetlen a teszt, javasolt egy \u00faj gyorsteszttel megism\u00e9telni a vizsg\u00e1latot.<\/p>\n<p>&nbsp;<\/p>\n","protected":false},"excerpt":{"rendered":"<ul>\n<li><strong>A rapid test for the detection of hidden bleeding in faeces, which may indicate a gastrointestinal disorder but is not visible to the naked eye.<\/strong><\/li>\n<\/ul>\n<ul>\n<li>Easy to use, can be done at home.<\/li>\n<li>Reliable results from 3 stool samples.<\/li>\n<li>93% accuracy.<\/li>\n<\/ul>\n<ul>\n<li>No special diet is required before the test.<\/li>\n<\/ul>\n<p>The package contains 1 complete test with accessories for the evaluation of 3 samples.<\/p>\n","protected":false},"featured_media":128,"comment_status":"closed","ping_status":"closed","template":"","meta":{"_acf_changed":false,"footnotes":""},"product_brand":[],"product_cat":[111],"product_tag":[],"class_list":{"0":"post-914","1":"product","2":"type-product","3":"status-publish","4":"has-post-thumbnail","6":"product_cat-gastro-intestinal","8":"first","9":"instock","10":"taxable","11":"shipping-taxable","12":"purchasable","13":"product-type-simple"},"bundled_by":[],"bundle_stock_status":"instock","bundle_stock_quantity":100,"bundle_virtual":false,"bundle_layout":"","bundle_add_to_cart_form_location":"","bundle_editable_in_cart":false,"bundle_sold_individually_context":"","bundle_item_grouping":"","bundle_min_size":"","bundle_max_size":"","bundle_price":[],"bundled_items":[],"bundle_sell_ids":[],"exclude_global_add_ons":[],"addons":[],"acf":[],"yoast_head":"<!-- This site is optimized with the Yoast SEO plugin v26.7 - https:\/\/yoast.com\/wordpress\/plugins\/seo\/ -->\n<title>Digestive system quick test - GyorstesztLabor<\/title>\n<meta name=\"description\" content=\"{:hu}Test your digestive system in the comfort of your own home. The sooner a possible illness is detected, the sooner the unpleasant symptoms can be reduced and the more likely it is that no serious complications will develop!{:en}Gastro-intestinal lesions are often bleeding. The blood can be detected specifically by Digestive System Rapid Test (Poly Check) in the faeces. The presence of blood can be explained by several causes: ulcers, haemorrhoids, colorectal cancer. The probability for intermittent bleeding to be detected is increased by the procedure of sample collection over 3 running days.{:}\" \/>\n<meta name=\"robots\" content=\"index, follow, max-snippet:-1, max-image-preview:large, max-video-preview:-1\" \/>\n<link rel=\"canonical\" href=\"https:\/\/rapidtest-lab.com\/en\/termek\/emesztorendszer\/\" \/>\n<meta property=\"og:locale\" content=\"en_US\" \/>\n<meta property=\"og:type\" content=\"article\" \/>\n<meta property=\"og:title\" content=\"Digestive system quick test - GyorstesztLabor\" \/>\n<meta property=\"og:description\" content=\"{:hu}Test your digestive system in the comfort of your own home. The sooner a possible illness is detected, the sooner the unpleasant symptoms can be reduced and the more likely it is that no serious complications will develop!{:en}Gastro-intestinal lesions are often bleeding. The blood can be detected specifically by Digestive System Rapid Test (Poly Check) in the faeces. The presence of blood can be explained by several causes: ulcers, haemorrhoids, colorectal cancer. The probability for intermittent bleeding to be detected is increased by the procedure of sample collection over 3 running days.{:}\" \/>\n<meta property=\"og:url\" content=\"https:\/\/rapidtest-lab.com\/en\/termek\/emesztorendszer\/\" \/>\n<meta property=\"og:site_name\" content=\"GyorstesztLabor\" \/>\n<meta property=\"article:publisher\" content=\"https:\/\/www.facebook.com\/Gyorsteszt-Labor-101706918220519\/\" \/>\n<meta property=\"article:modified_time\" content=\"2023-02-20T11:36:02+00:00\" \/>\n<meta property=\"og:image\" content=\"https:\/\/rapidtest-lab.com\/wp-content\/uploads\/2020\/05\/3dtermek_emesztorendszer_300hu.png\" \/>\n\t<meta property=\"og:image:width\" content=\"413\" \/>\n\t<meta property=\"og:image:height\" content=\"300\" \/>\n\t<meta property=\"og:image:type\" content=\"image\/png\" \/>\n<meta name=\"twitter:card\" content=\"summary_large_image\" \/>\n<meta name=\"twitter:label1\" content=\"Est. reading time\" \/>\n\t<meta name=\"twitter:data1\" content=\"4 minutes\" \/>\n<script type=\"application\/ld+json\" class=\"yoast-schema-graph\">{\"@context\":\"https:\/\/schema.org\",\"@graph\":[{\"@type\":\"WebPage\",\"@id\":\"https:\/\/rapidtest-lab.com\/en\/termek\/emesztorendszer\/\",\"url\":\"https:\/\/rapidtest-lab.com\/en\/termek\/emesztorendszer\/\",\"name\":\"Digestive system quick test - GyorstesztLabor\",\"isPartOf\":{\"@id\":\"https:\/\/rapidtest-lab.com\/#website\"},\"primaryImageOfPage\":{\"@id\":\"https:\/\/rapidtest-lab.com\/en\/termek\/emesztorendszer\/#primaryimage\"},\"image\":{\"@id\":\"https:\/\/rapidtest-lab.com\/en\/termek\/emesztorendszer\/#primaryimage\"},\"thumbnailUrl\":\"https:\/\/rapidtest-lab.com\/wp-content\/uploads\/2020\/05\/3dtermek_emesztorendszer_300hu.png\",\"datePublished\":\"2020-05-01T11:04:06+00:00\",\"dateModified\":\"2023-02-20T11:36:02+00:00\",\"description\":\"{:hu}Test your digestive system in the comfort of your own home. The sooner a possible illness is detected, the sooner the unpleasant symptoms can be reduced and the more likely it is that no serious complications will develop!{:en}Gastro-intestinal lesions are often bleeding. The blood can be detected specifically by Digestive System Rapid Test (Poly Check) in the faeces. The presence of blood can be explained by several causes: ulcers, haemorrhoids, colorectal cancer. The probability for intermittent bleeding to be detected is increased by the procedure of sample collection over 3 running days.{:}\",\"breadcrumb\":{\"@id\":\"https:\/\/rapidtest-lab.com\/en\/termek\/emesztorendszer\/#breadcrumb\"},\"inLanguage\":\"en-US\",\"potentialAction\":[{\"@type\":\"ReadAction\",\"target\":[\"https:\/\/rapidtest-lab.com\/en\/termek\/emesztorendszer\/\"]}]},{\"@type\":\"ImageObject\",\"inLanguage\":\"en-US\",\"@id\":\"https:\/\/rapidtest-lab.com\/en\/termek\/emesztorendszer\/#primaryimage\",\"url\":\"https:\/\/rapidtest-lab.com\/wp-content\/uploads\/2020\/05\/3dtermek_emesztorendszer_300hu.png\",\"contentUrl\":\"https:\/\/rapidtest-lab.com\/wp-content\/uploads\/2020\/05\/3dtermek_emesztorendszer_300hu.png\",\"width\":413,\"height\":300,\"caption\":\"3dtermek_emesztorendszer_300hu\"},{\"@type\":\"BreadcrumbList\",\"@id\":\"https:\/\/rapidtest-lab.com\/en\/termek\/emesztorendszer\/#breadcrumb\",\"itemListElement\":[{\"@type\":\"ListItem\",\"position\":1,\"name\":\"Home\",\"item\":\"https:\/\/rapidtest-lab.com\/en\/\"},{\"@type\":\"ListItem\",\"position\":2,\"name\":\"\u00dczlet\",\"item\":\"https:\/\/rapidtest-lab.com\/en\/uzlet\/\"},{\"@type\":\"ListItem\",\"position\":3,\"name\":\"Digestive system quick test\"}]},{\"@type\":\"WebSite\",\"@id\":\"https:\/\/rapidtest-lab.com\/#website\",\"url\":\"https:\/\/rapidtest-lab.com\/\",\"name\":\"GyorstesztLabor\",\"description\":\"Tartsuk k&eacute;zben az eg&eacute;szs&eacute;g&uuml;nket!\",\"potentialAction\":[{\"@type\":\"SearchAction\",\"target\":{\"@type\":\"EntryPoint\",\"urlTemplate\":\"https:\/\/rapidtest-lab.com\/?s={search_term_string}\"},\"query-input\":{\"@type\":\"PropertyValueSpecification\",\"valueRequired\":true,\"valueName\":\"search_term_string\"}}],\"inLanguage\":\"en-US\"}]}<\/script>\n<!-- \/ Yoast SEO plugin. -->","yoast_head_json":{"title":"Digestive system quick test - GyorstesztLabor","description":"{:hu}Test your digestive system in the comfort of your own home. The sooner a possible illness is detected, the sooner the unpleasant symptoms can be reduced and the more likely it is that no serious complications will develop!{:en}Gastro-intestinal lesions are often bleeding. The blood can be detected specifically by Digestive System Rapid Test (Poly Check) in the faeces. The presence of blood can be explained by several causes: ulcers, haemorrhoids, colorectal cancer. The probability for intermittent bleeding to be detected is increased by the procedure of sample collection over 3 running days.{:}","robots":{"index":"index","follow":"follow","max-snippet":"max-snippet:-1","max-image-preview":"max-image-preview:large","max-video-preview":"max-video-preview:-1"},"canonical":"https:\/\/rapidtest-lab.com\/en\/termek\/emesztorendszer\/","og_locale":"en_US","og_type":"article","og_title":"Digestive system quick test - GyorstesztLabor","og_description":"{:hu}Test your digestive system in the comfort of your own home. The sooner a possible illness is detected, the sooner the unpleasant symptoms can be reduced and the more likely it is that no serious complications will develop!{:en}Gastro-intestinal lesions are often bleeding. The blood can be detected specifically by Digestive System Rapid Test (Poly Check) in the faeces. The presence of blood can be explained by several causes: ulcers, haemorrhoids, colorectal cancer. The probability for intermittent bleeding to be detected is increased by the procedure of sample collection over 3 running days.{:}","og_url":"https:\/\/rapidtest-lab.com\/en\/termek\/emesztorendszer\/","og_site_name":"GyorstesztLabor","article_publisher":"https:\/\/www.facebook.com\/Gyorsteszt-Labor-101706918220519\/","article_modified_time":"2023-02-20T11:36:02+00:00","og_image":[{"width":413,"height":300,"url":"https:\/\/rapidtest-lab.com\/wp-content\/uploads\/2020\/05\/3dtermek_emesztorendszer_300hu.png","type":"image\/png"}],"twitter_card":"summary_large_image","twitter_misc":{"Est. reading time":"4 minutes"},"schema":{"@context":"https:\/\/schema.org","@graph":[{"@type":"WebPage","@id":"https:\/\/rapidtest-lab.com\/en\/termek\/emesztorendszer\/","url":"https:\/\/rapidtest-lab.com\/en\/termek\/emesztorendszer\/","name":"Digestive system quick test - GyorstesztLabor","isPartOf":{"@id":"https:\/\/rapidtest-lab.com\/#website"},"primaryImageOfPage":{"@id":"https:\/\/rapidtest-lab.com\/en\/termek\/emesztorendszer\/#primaryimage"},"image":{"@id":"https:\/\/rapidtest-lab.com\/en\/termek\/emesztorendszer\/#primaryimage"},"thumbnailUrl":"https:\/\/rapidtest-lab.com\/wp-content\/uploads\/2020\/05\/3dtermek_emesztorendszer_300hu.png","datePublished":"2020-05-01T11:04:06+00:00","dateModified":"2023-02-20T11:36:02+00:00","description":"{:hu}Test your digestive system in the comfort of your own home. The sooner a possible illness is detected, the sooner the unpleasant symptoms can be reduced and the more likely it is that no serious complications will develop!{:en}Gastro-intestinal lesions are often bleeding. The blood can be detected specifically by Digestive System Rapid Test (Poly Check) in the faeces. The presence of blood can be explained by several causes: ulcers, haemorrhoids, colorectal cancer. The probability for intermittent bleeding to be detected is increased by the procedure of sample collection over 3 running days.{:}","breadcrumb":{"@id":"https:\/\/rapidtest-lab.com\/en\/termek\/emesztorendszer\/#breadcrumb"},"inLanguage":"en-US","potentialAction":[{"@type":"ReadAction","target":["https:\/\/rapidtest-lab.com\/en\/termek\/emesztorendszer\/"]}]},{"@type":"ImageObject","inLanguage":"en-US","@id":"https:\/\/rapidtest-lab.com\/en\/termek\/emesztorendszer\/#primaryimage","url":"https:\/\/rapidtest-lab.com\/wp-content\/uploads\/2020\/05\/3dtermek_emesztorendszer_300hu.png","contentUrl":"https:\/\/rapidtest-lab.com\/wp-content\/uploads\/2020\/05\/3dtermek_emesztorendszer_300hu.png","width":413,"height":300,"caption":"3dtermek_emesztorendszer_300hu"},{"@type":"BreadcrumbList","@id":"https:\/\/rapidtest-lab.com\/en\/termek\/emesztorendszer\/#breadcrumb","itemListElement":[{"@type":"ListItem","position":1,"name":"Home","item":"https:\/\/rapidtest-lab.com\/en\/"},{"@type":"ListItem","position":2,"name":"\u00dczlet","item":"https:\/\/rapidtest-lab.com\/en\/uzlet\/"},{"@type":"ListItem","position":3,"name":"Digestive system quick test"}]},{"@type":"WebSite","@id":"https:\/\/rapidtest-lab.com\/#website","url":"https:\/\/rapidtest-lab.com\/","name":"GyorstesztLabor","description":"Tartsuk k&eacute;zben az eg&eacute;szs&eacute;g&uuml;nket!","potentialAction":[{"@type":"SearchAction","target":{"@type":"EntryPoint","urlTemplate":"https:\/\/rapidtest-lab.com\/?s={search_term_string}"},"query-input":{"@type":"PropertyValueSpecification","valueRequired":true,"valueName":"search_term_string"}}],"inLanguage":"en-US"}]}},"_links":{"self":[{"href":"https:\/\/rapidtest-lab.com\/en\/wp-json\/wp\/v2\/product\/914","targetHints":{"allow":["GET"]}}],"collection":[{"href":"https:\/\/rapidtest-lab.com\/en\/wp-json\/wp\/v2\/product"}],"about":[{"href":"https:\/\/rapidtest-lab.com\/en\/wp-json\/wp\/v2\/types\/product"}],"replies":[{"embeddable":true,"href":"https:\/\/rapidtest-lab.com\/en\/wp-json\/wp\/v2\/comments?post=914"}],"version-history":[{"count":0,"href":"https:\/\/rapidtest-lab.com\/en\/wp-json\/wp\/v2\/product\/914\/revisions"}],"wp:featuredmedia":[{"embeddable":true,"href":"https:\/\/rapidtest-lab.com\/en\/wp-json\/wp\/v2\/media\/128"}],"wp:attachment":[{"href":"https:\/\/rapidtest-lab.com\/en\/wp-json\/wp\/v2\/media?parent=914"}],"wp:term":[{"taxonomy":"product_brand","embeddable":true,"href":"https:\/\/rapidtest-lab.com\/en\/wp-json\/wp\/v2\/product_brand?post=914"},{"taxonomy":"product_cat","embeddable":true,"href":"https:\/\/rapidtest-lab.com\/en\/wp-json\/wp\/v2\/product_cat?post=914"},{"taxonomy":"product_tag","embeddable":true,"href":"https:\/\/rapidtest-lab.com\/en\/wp-json\/wp\/v2\/product_tag?post=914"}],"curies":[{"name":"wp","href":"https:\/\/api.w.org\/{rel}","templated":true}]}}