{"id":919,"date":"2020-05-01T12:45:02","date_gmt":"2020-05-01T10:45:02","guid":{"rendered":"https:\/\/rapidtest-lab.com\/termek\/allergia-total-ige\/"},"modified":"2023-02-20T13:18:58","modified_gmt":"2023-02-20T11:18:58","slug":"allergia-total-ige","status":"publish","type":"product","link":"https:\/\/rapidtest-lab.com\/en\/termek\/allergia-total-ige\/","title":{"rendered":"Allergia Tot\u00e1l IgE gyorsteszt"},"content":{"rendered":"<p><strong>Kinek javasoljuk az Allergia teszt elv\u00e9gz\u00e9s\u00e9t?<\/strong><\/p>\n<p>Folyamatos t\u00fcssz\u00f6g\u00e9s, szemviszket\u00e9s, orrfoly\u00e1s, vagy ki\u00fct\u00e9sek eset\u00e9n annak eld\u00f6nt\u00e9s\u00e9re, hogy a panaszokat allergia, vagy valamilyen fert\u0151z\u00e9s, v\u00edrus okozza.<\/p>\n<p>Az allergi\u00e1s betegek, akik t\u00fal\u00e9rz\u00e9kenyek bizonyos \u00e9lelmiszerekre, pollenre, \u00e1llatsz\u0151rre, vagy tollra, az \u00e1tlagn\u00e1l nagyobb mennyis\u00e9g\u0171 antitest (IgE: immunglobulin E) termel\u00e9s\u00e9vel reag\u00e1lnak. Az Allergia teszt a v\u00e9rben tal\u00e1lhat\u00f3 IgE szintj\u00e9t m\u00e9ri, ez\u00e1ltal alkalmas az allergi\u00e1s t\u00fal\u00e9rz\u00e9kenys\u00e9g kimutat\u00e1s\u00e1ra.<\/p>\n<p><strong>A korai tesztel\u00e9s fontos, mert min\u00e9l kor\u00e1bban fedezz\u00fck fel az allergi\u00e1t, a kellemetlen t\u00fcnetek ann\u00e1l hamarabb megsz\u00fcntethet\u0151ek!<\/strong><\/p>\n<p><strong>Melyek lehetnek az allergia t\u00fcnetei?<\/strong><\/p>\n<ul>\n<li>t\u00fcssz\u00f6g\u00e9s sz\u00e1raz, ingerk\u00f6h\u00f6g\u00e9s<\/li>\n<li>viszket\u0151 \u00e9rz\u00e9s a torokban<\/li>\n<li>sz\u00e1jpad viszket\u00e9s<\/li>\n<li>viszket\u0151 orr, viszket\u0151 szem<\/li>\n<li>k\u00f6nnyez\u0151 szem, k\u00f6t\u0151h\u00e1rtya gyullad\u00e1s<\/li>\n<li>orrdugul\u00e1s, orrfoly\u00e1s<\/li>\n<li>ki\u00fct\u00e9sek, csal\u00e1nki\u00fct\u00e9sek, piros foltok a b\u0151r\u00f6n<\/li>\n<li>\u00f6d\u00e9ma (sz\u00f6vet k\u00f6z\u00f6tti vizeny\u0151), duzzanat kialakul\u00e1sa<\/li>\n<\/ul>\n<p><strong>Kinek aj\u00e1nlott elv\u00e9gezni az Allergia tesztet?<\/strong><\/p>\n<ul>\n<li>Azoknak, akik a fenti t\u00fcneteket \u00e9szlelik magukon, akiknek visszat\u00e9r\u0151 panaszaik vannak \u00e9s szeretn\u00e9k megtudni, hogy allergia, vagy valamilyen v\u00edrus, fert\u0151z\u00e9s okozza \u0151ket.<\/li>\n<li>Akik \u00e1llatok k\u00f6zel\u00e9ben \u00e9lnek \u00e9s a fenti panaszaik vannak (pl. kutya, macska, stb.).<\/li>\n<li>Azoknak, akiknek feln\u0151ttkorukra j\u00f6ttek el\u0151, eddig nem tapasztalt panaszaik.<\/li>\n<li>Akikn\u00e9l bizonyos \u00e9lelmiszerek elfogyaszt\u00e1sa ut\u00e1n \u00f6d\u00e9ma, duzzanat alakul ki.<\/li>\n<li>Ha a csal\u00e1dban el\u0151fordult m\u00e1r allergi\u00e1s megbeteged\u00e9s, mivel az allergi\u00e1ra val\u00f3 hajlam \u00f6r\u00f6k\u00f6lhet\u0151.<\/li>\n<\/ul>\n<p>&nbsp;<\/p>\n<p><strong>Mit tartalmaz az Allergia gyorsteszt?<\/strong><\/p>\n<p>A doboz a teszt elv\u00e9gz\u00e9s\u00e9hez sz\u00fcks\u00e9ges eszk\u00f6z\u00f6ket tartalmazza, mint:<\/p>\n<p>1 db lez\u00e1rt alum\u00ednium tasak, benne:<\/p>\n<ul>\n<li>1 db tesztkazetta<\/li>\n<li>1 db m\u0171anyag pipetta<\/li>\n<li>1 db p\u00e1raelsz\u00edv\u00f3 p\u00e1rna<\/li>\n<\/ul>\n<p>A dobozban tal\u00e1lhat\u00f3 m\u00e9g:<\/p>\n<ul>\n<li>1db steril ujjbegysz\u00far\u00f3 l\u00e1ndzsa a v\u00e9rv\u00e9telhez<\/li>\n<li>1 db 1 ml puffer oldatot tartalmaz\u00f3 cseppent\u0151 fiola<\/li>\n<li>1 db haszn\u00e1lati utas\u00edt\u00e1s<\/li>\n<li>1 db alkoholos t\u00f6rl\u0151kend\u0151t.<\/li>\n<\/ul>\n<p><strong>Az Allergia gyorsteszt CE min\u0151s\u00edt\u00e9ssel rendelkezik!<\/strong><\/p>\n<p>FIGYELEM: Az alum\u00ednium tasakot csak akkor nyissa fel, ha mindent el\u0151k\u00e9sz\u00edtett a teszt elv\u00e9gz\u00e9s\u00e9hez! A p\u00e1raelsz\u00edv\u00f3 p\u00e1rna nem vesz r\u00e9szt a tesztel\u00e9si folyamatban.<\/p>\n<p>&nbsp;<\/p>\n<p><strong>Hogyan kell haszn\u00e1lni az Allergia tesztet?<\/strong><\/p>\n<ol>\n<li>Mosson kezet szappannal, \u00e9s \u00f6bl\u00edtse le tiszta v\u00edzzel!<\/li>\n<li>T\u00e9pje fel a v\u00e9d\u0151csomagol\u00e1st (a bemetsz\u00e9sn\u00e9l) \u00e9s vegye ki bel\u0151le a tesztet \u00e9s a pipett\u00e1t, majd dobja ki mind az alum\u00ednium-, mind a p\u00e1raelsz\u00edv\u00f3 tasakokat!<\/li>\n<li>Nyomja be a v\u00e9rv\u00e9teli l\u00e1ndzsa kis narancss\u00e1rga biztons\u00e1gi f\u00fclecsk\u00e9j\u00e9t a l\u00e1ndzsa belseje fel\u00e9, am\u00edg egy kattan\u00e1st nem hall, jelezv\u00e9n, hogy az eszk\u00f6z aktiv\u00e1lva van.<\/li>\n<li>T\u00e1vol\u00edtsa el a narancss\u00e1rga biztons\u00e1gi f\u00fclecsk\u00e9t egy csavar\u00f3 mozdulattal.<\/li>\n<li>Tiszt\u00edtsa le valamelyik ujjhegy\u00e9t egy alkoholos vatt\u00e1val. Massz\u00edrozza az ujjbegy\u00e9t lefel\u00e9, hogy megteljen v\u00e9rrel.<\/li>\n<li>Er\u0151sen szor\u00edtsa a l\u00e1ndzs\u00e1t, a k\u00e9pen l\u00e1that\u00f3 m\u00f3don, a letiszt\u00edtott ujjbegy\u00e9hez. Nyomja meg a kiold\u00f3 gombot.<\/li>\n<li>A l\u00e1ndzsa hegye a sz\u00far\u00e1st k\u00f6vet\u0151en automatikusan \u00e9s biztons\u00e1gosan visszaugrik a hely\u00e9re. Ne haszn\u00e1lja fel t\u00f6bbsz\u00f6r a l\u00e1ndzs\u00e1t!<\/li>\n<li>Massz\u00edrozza a megsz\u00fart ujjbegy\u00e9t a v\u00e9r kibuggyan\u00e1s\u00e1ig.<\/li>\n<li>Tartsa a pipett\u00e1t a v\u00e9rcsepphez, nyomja \u00f6ssze a v\u00e9g\u00e9t, majd lassan felengedve sz\u00edvja fel a v\u00e9rt a pipetta belsej\u00e9ben jelzett vonalig. Ne nyomja k\u00f6zben \u00fajra \u00f6ssze a pipetta v\u00e9g\u00e9t! Ha nem \u00e9ri el a v\u00e9r a jelz\u00e9st, massz\u00edrozza \u00fajra az ujjbegy\u00e9t, hogy m\u00e9g egy kis mint\u00e1t nyerjen. Amennyire lehets\u00e9ges, t\u00f6rekedjen a l\u00e9gbubor\u00e9k elker\u00fcl\u00e9s\u00e9hez.<\/li>\n<li>Cseppentse a v\u00e9rmint\u00e1t a pipetta \u00f6sszenyom\u00e1s\u00e1val a tesztkazetta kerek mintagy\u0171jt\u0151 ablak\u00e1ba az \u00e1bra szerint.<\/li>\n<li>V\u00e1rjon, am\u00edg a v\u00e9r felsz\u00edv\u00f3dik a mintaablakb\u00f3l, majd cseppentsen 4-5 cseppet a pufferoldatot tartalmaz\u00f3 fiol\u00e1b\u00f3l ugyanoda. Hagyja a tesztkazett\u00e1t v\u00edzszintesen \u00e9s ne mozgassa azt.<\/li>\n<li>Az eredm\u00e9nyt 10 \u00e9s 15 perc k\u00f6z\u00f6tt olvassa le. <strong>Ne \u00e9rt\u00e9kelje a tesztet 10 percen bel\u00fcl \u00e9s 15 perc eltelte ut\u00e1n!<\/strong><\/li>\n<\/ol>\n<p>&nbsp;<\/p>\n<p><strong>EREDM\u00c9NY KI\u00c9RT\u00c9KEL\u00c9SE<\/strong><\/p>\n<p>A megjelen\u0151 cs\u00edkok sz\u00ednintenzit\u00e1sa nem befoly\u00e1solja az eredm\u00e9nyt!<\/p>\n<p><strong>Negat\u00edv eredm\u00e9ny<\/strong><\/p>\n<p>Csak egy cs\u00edk jelenik meg a kontrollfel\u00fcleten, a C jelz\u00e9s alatt. Ez az eredm\u00e9ny azt jelenti, hogy a vizsg\u00e1lt v\u00e9rmint\u00e1ban az IgE szint norm\u00e1l \u00e9rt\u00e9khat\u00e1ron van, azaz nem \u00e1ll fenn allergi\u00e1s \u00e9rz\u00e9kenys\u00e9g.<\/p>\n<p><strong>Pozit\u00edv eredm\u00e9ny<\/strong><\/p>\n<p>K\u00e9t cs\u00edk jelenik meg a kontrollfel\u00fcleten: a T \u00e9s a C jelz\u00e9sek alatt (nem sz\u00e1m\u00edt, ha az egyik halv\u00e1nyabb, mint a m\u00e1sik). Ez az eredm\u00e9ny azt jelenti, hogy a vizsg\u00e1lt v\u00e9rmint\u00e1ban az IgE szintje a norm\u00e1lisn\u00e1l magasabb. Pozit\u00edv eredm\u00e9ny eset\u00e9n keresd fel orvosod!<\/p>\n<p><strong>\u00c9rv\u00e9nytelen eredm\u00e9ny<\/strong><\/p>\n<p>\u00c9rv\u00e9nytelen eredm\u00e9nynek sz\u00e1m\u00edt, ha egyetlen cs\u00edk sem jelenik meg a kontrollfel\u00fcleten, illetve, ha csak a T jelz\u00e9s alatt l\u00e1that\u00f3 elsz\u00ednez\u0151d\u00f6tt cs\u00edk. Mindk\u00e9t esetben \u00e9rt\u00e9kelhetetlen a teszt, javasolt egy \u00faj gyorsteszttel megism\u00e9telni a vizsg\u00e1latot.<\/p>\n","protected":false},"excerpt":{"rendered":"<ul>\n<li><strong>Az Allergia teszt a v\u00e9rben tal\u00e1lhat\u00f3 IgE szintj\u00e9t m\u00e9ri, ez\u00e1ltal alkalmas az allergi\u00e1s t\u00fal\u00e9rz\u00e9kenys\u00e9g kimutat\u00e1s\u00e1ra.<\/strong><\/li>\n<li>Otthon, b\u00e1rki \u00e1ltal elv\u00e9gezhet\u0151 gyorsteszt.<\/li>\n<li>Gyors, egyszer\u0171, haszn\u00e1lat, eredm\u00e9ny egy csepp v\u00e9rb\u0151l.<\/li>\n<li>97 %-os pontoss\u00e1g, megb\u00edzhat\u00f3 eredm\u00e9ny.<\/li>\n<li>Eredm\u00e9ny 10 perc alatt.<\/li>\n<\/ul>\n<p>A csomag 1 tesztet tartalmaz tartoz\u00e9kaival egy\u00fctt.<\/p>\n","protected":false},"featured_media":122,"comment_status":"closed","ping_status":"closed","template":"","meta":{"_acf_changed":false,"footnotes":""},"product_brand":[],"product_cat":[105],"product_tag":[],"class_list":{"0":"post-919","1":"product","2":"type-product","3":"status-publish","4":"has-post-thumbnail","6":"product_cat-allergy","8":"first","9":"outofstock","10":"taxable","11":"shipping-taxable","12":"purchasable","13":"product-type-simple"},"bundled_by":[],"bundle_stock_status":"outofstock","bundle_stock_quantity":0,"bundle_virtual":false,"bundle_layout":"","bundle_add_to_cart_form_location":"","bundle_editable_in_cart":false,"bundle_sold_individually_context":"","bundle_item_grouping":"","bundle_min_size":"","bundle_max_size":"","bundle_price":[],"bundled_items":[],"bundle_sell_ids":[],"exclude_global_add_ons":[],"addons":[],"acf":[],"yoast_head":"<!-- This site is optimized with the Yoast SEO plugin v26.7 - https:\/\/yoast.com\/wordpress\/plugins\/seo\/ -->\n<title>Allergia Tot\u00e1l IgE gyorsteszt - GyorstesztLabor<\/title>\n<meta name=\"description\" content=\"{:hu}Folyamatos t\u00fcssz\u00f6g\u00e9s, szemviszket\u00e9s, orrfoly\u00e1s, vagy ki\u00fct\u00e9sek eset\u00e9n annak eld\u00f6nt\u00e9s\u00e9re, hogy a panaszokat allergia, vagy valamilyen fert\u0151z\u00e9s, v\u00edrus okozza.{:en}IgE antibodies are produced by the body in reaction to the presence of one or several allergens likely to cause more or less serious complications in subjects exposed to allergenic substances. ALLERGIA-Test specifically identifies IgE antibodies and indicates if the level is higher than the average.{:}\" \/>\n<meta name=\"robots\" content=\"index, follow, max-snippet:-1, max-image-preview:large, max-video-preview:-1\" \/>\n<link rel=\"canonical\" href=\"https:\/\/rapidtest-lab.com\/?post_type=product&p=121\" \/>\n<meta property=\"og:locale\" content=\"en_US\" \/>\n<meta property=\"og:type\" content=\"article\" \/>\n<meta property=\"og:title\" content=\"Allergia Tot\u00e1l IgE gyorsteszt - GyorstesztLabor\" \/>\n<meta property=\"og:description\" content=\"{:hu}Folyamatos t\u00fcssz\u00f6g\u00e9s, szemviszket\u00e9s, orrfoly\u00e1s, vagy ki\u00fct\u00e9sek eset\u00e9n annak eld\u00f6nt\u00e9s\u00e9re, hogy a panaszokat allergia, vagy valamilyen fert\u0151z\u00e9s, v\u00edrus okozza.{:en}IgE antibodies are produced by the body in reaction to the presence of one or several allergens likely to cause more or less serious complications in subjects exposed to allergenic substances. ALLERGIA-Test specifically identifies IgE antibodies and indicates if the level is higher than the average.{:}\" \/>\n<meta property=\"og:url\" content=\"https:\/\/rapidtest-lab.com\/?post_type=product&amp;p=121\" \/>\n<meta property=\"og:site_name\" content=\"GyorstesztLabor\" \/>\n<meta property=\"article:publisher\" content=\"https:\/\/www.facebook.com\/Gyorsteszt-Labor-101706918220519\/\" \/>\n<meta property=\"article:modified_time\" content=\"2023-02-20T11:18:58+00:00\" \/>\n<meta property=\"og:image\" content=\"https:\/\/rapidtest-lab.com\/wp-content\/uploads\/2020\/05\/3dtermek_allergia_kicsihu.png\" \/>\n\t<meta property=\"og:image:width\" content=\"413\" \/>\n\t<meta property=\"og:image:height\" content=\"300\" \/>\n\t<meta property=\"og:image:type\" content=\"image\/png\" \/>\n<meta name=\"twitter:card\" content=\"summary_large_image\" \/>\n<meta name=\"twitter:label1\" content=\"Est. reading time\" \/>\n\t<meta name=\"twitter:data1\" content=\"5 minutes\" \/>\n<script type=\"application\/ld+json\" class=\"yoast-schema-graph\">{\"@context\":\"https:\/\/schema.org\",\"@graph\":[{\"@type\":\"WebPage\",\"@id\":\"https:\/\/rapidtest-lab.com\/?post_type=product&p=121\",\"url\":\"https:\/\/rapidtest-lab.com\/?post_type=product&p=121\",\"name\":\"Allergia Tot\u00e1l IgE gyorsteszt - GyorstesztLabor\",\"isPartOf\":{\"@id\":\"https:\/\/rapidtest-lab.com\/#website\"},\"primaryImageOfPage\":{\"@id\":\"https:\/\/rapidtest-lab.com\/?post_type=product&p=121#primaryimage\"},\"image\":{\"@id\":\"https:\/\/rapidtest-lab.com\/?post_type=product&p=121#primaryimage\"},\"thumbnailUrl\":\"https:\/\/rapidtest-lab.com\/wp-content\/uploads\/2020\/05\/3dtermek_allergia_kicsihu.png\",\"datePublished\":\"2020-05-01T10:45:02+00:00\",\"dateModified\":\"2023-02-20T11:18:58+00:00\",\"description\":\"{:hu}Folyamatos t\u00fcssz\u00f6g\u00e9s, szemviszket\u00e9s, orrfoly\u00e1s, vagy ki\u00fct\u00e9sek eset\u00e9n annak eld\u00f6nt\u00e9s\u00e9re, hogy a panaszokat allergia, vagy valamilyen fert\u0151z\u00e9s, v\u00edrus okozza.{:en}IgE antibodies are produced by the body in reaction to the presence of one or several allergens likely to cause more or less serious complications in subjects exposed to allergenic substances. ALLERGIA-Test specifically identifies IgE antibodies and indicates if the level is higher than the average.{:}\",\"breadcrumb\":{\"@id\":\"https:\/\/rapidtest-lab.com\/?post_type=product&p=121#breadcrumb\"},\"inLanguage\":\"en-US\",\"potentialAction\":[{\"@type\":\"ReadAction\",\"target\":[\"https:\/\/rapidtest-lab.com\/?post_type=product&p=121\"]}]},{\"@type\":\"ImageObject\",\"inLanguage\":\"en-US\",\"@id\":\"https:\/\/rapidtest-lab.com\/?post_type=product&p=121#primaryimage\",\"url\":\"https:\/\/rapidtest-lab.com\/wp-content\/uploads\/2020\/05\/3dtermek_allergia_kicsihu.png\",\"contentUrl\":\"https:\/\/rapidtest-lab.com\/wp-content\/uploads\/2020\/05\/3dtermek_allergia_kicsihu.png\",\"width\":413,\"height\":300,\"caption\":\"3dtermek_allergia_kicsihu\"},{\"@type\":\"BreadcrumbList\",\"@id\":\"https:\/\/rapidtest-lab.com\/?post_type=product&p=121#breadcrumb\",\"itemListElement\":[{\"@type\":\"ListItem\",\"position\":1,\"name\":\"Home\",\"item\":\"https:\/\/rapidtest-lab.com\/en\/\"},{\"@type\":\"ListItem\",\"position\":2,\"name\":\"\u00dczlet\",\"item\":\"https:\/\/rapidtest-lab.com\/en\/uzlet\/\"},{\"@type\":\"ListItem\",\"position\":3,\"name\":\"Allergia Tot\u00e1l IgE gyorsteszt\"}]},{\"@type\":\"WebSite\",\"@id\":\"https:\/\/rapidtest-lab.com\/#website\",\"url\":\"https:\/\/rapidtest-lab.com\/\",\"name\":\"GyorstesztLabor\",\"description\":\"Tartsuk k&eacute;zben az eg&eacute;szs&eacute;g&uuml;nket!\",\"potentialAction\":[{\"@type\":\"SearchAction\",\"target\":{\"@type\":\"EntryPoint\",\"urlTemplate\":\"https:\/\/rapidtest-lab.com\/?s={search_term_string}\"},\"query-input\":{\"@type\":\"PropertyValueSpecification\",\"valueRequired\":true,\"valueName\":\"search_term_string\"}}],\"inLanguage\":\"en-US\"}]}<\/script>\n<!-- \/ Yoast SEO plugin. -->","yoast_head_json":{"title":"Allergia Tot\u00e1l IgE gyorsteszt - GyorstesztLabor","description":"{:hu}Folyamatos t\u00fcssz\u00f6g\u00e9s, szemviszket\u00e9s, orrfoly\u00e1s, vagy ki\u00fct\u00e9sek eset\u00e9n annak eld\u00f6nt\u00e9s\u00e9re, hogy a panaszokat allergia, vagy valamilyen fert\u0151z\u00e9s, v\u00edrus okozza.{:en}IgE antibodies are produced by the body in reaction to the presence of one or several allergens likely to cause more or less serious complications in subjects exposed to allergenic substances. ALLERGIA-Test specifically identifies IgE antibodies and indicates if the level is higher than the average.{:}","robots":{"index":"index","follow":"follow","max-snippet":"max-snippet:-1","max-image-preview":"max-image-preview:large","max-video-preview":"max-video-preview:-1"},"canonical":"https:\/\/rapidtest-lab.com\/?post_type=product&p=121","og_locale":"en_US","og_type":"article","og_title":"Allergia Tot\u00e1l IgE gyorsteszt - GyorstesztLabor","og_description":"{:hu}Folyamatos t\u00fcssz\u00f6g\u00e9s, szemviszket\u00e9s, orrfoly\u00e1s, vagy ki\u00fct\u00e9sek eset\u00e9n annak eld\u00f6nt\u00e9s\u00e9re, hogy a panaszokat allergia, vagy valamilyen fert\u0151z\u00e9s, v\u00edrus okozza.{:en}IgE antibodies are produced by the body in reaction to the presence of one or several allergens likely to cause more or less serious complications in subjects exposed to allergenic substances. ALLERGIA-Test specifically identifies IgE antibodies and indicates if the level is higher than the average.{:}","og_url":"https:\/\/rapidtest-lab.com\/?post_type=product&p=121","og_site_name":"GyorstesztLabor","article_publisher":"https:\/\/www.facebook.com\/Gyorsteszt-Labor-101706918220519\/","article_modified_time":"2023-02-20T11:18:58+00:00","og_image":[{"width":413,"height":300,"url":"https:\/\/rapidtest-lab.com\/wp-content\/uploads\/2020\/05\/3dtermek_allergia_kicsihu.png","type":"image\/png"}],"twitter_card":"summary_large_image","twitter_misc":{"Est. reading time":"5 minutes"},"schema":{"@context":"https:\/\/schema.org","@graph":[{"@type":"WebPage","@id":"https:\/\/rapidtest-lab.com\/?post_type=product&p=121","url":"https:\/\/rapidtest-lab.com\/?post_type=product&p=121","name":"Allergia Tot\u00e1l IgE gyorsteszt - GyorstesztLabor","isPartOf":{"@id":"https:\/\/rapidtest-lab.com\/#website"},"primaryImageOfPage":{"@id":"https:\/\/rapidtest-lab.com\/?post_type=product&p=121#primaryimage"},"image":{"@id":"https:\/\/rapidtest-lab.com\/?post_type=product&p=121#primaryimage"},"thumbnailUrl":"https:\/\/rapidtest-lab.com\/wp-content\/uploads\/2020\/05\/3dtermek_allergia_kicsihu.png","datePublished":"2020-05-01T10:45:02+00:00","dateModified":"2023-02-20T11:18:58+00:00","description":"{:hu}Folyamatos t\u00fcssz\u00f6g\u00e9s, szemviszket\u00e9s, orrfoly\u00e1s, vagy ki\u00fct\u00e9sek eset\u00e9n annak eld\u00f6nt\u00e9s\u00e9re, hogy a panaszokat allergia, vagy valamilyen fert\u0151z\u00e9s, v\u00edrus okozza.{:en}IgE antibodies are produced by the body in reaction to the presence of one or several allergens likely to cause more or less serious complications in subjects exposed to allergenic substances. ALLERGIA-Test specifically identifies IgE antibodies and indicates if the level is higher than the average.{:}","breadcrumb":{"@id":"https:\/\/rapidtest-lab.com\/?post_type=product&p=121#breadcrumb"},"inLanguage":"en-US","potentialAction":[{"@type":"ReadAction","target":["https:\/\/rapidtest-lab.com\/?post_type=product&p=121"]}]},{"@type":"ImageObject","inLanguage":"en-US","@id":"https:\/\/rapidtest-lab.com\/?post_type=product&p=121#primaryimage","url":"https:\/\/rapidtest-lab.com\/wp-content\/uploads\/2020\/05\/3dtermek_allergia_kicsihu.png","contentUrl":"https:\/\/rapidtest-lab.com\/wp-content\/uploads\/2020\/05\/3dtermek_allergia_kicsihu.png","width":413,"height":300,"caption":"3dtermek_allergia_kicsihu"},{"@type":"BreadcrumbList","@id":"https:\/\/rapidtest-lab.com\/?post_type=product&p=121#breadcrumb","itemListElement":[{"@type":"ListItem","position":1,"name":"Home","item":"https:\/\/rapidtest-lab.com\/en\/"},{"@type":"ListItem","position":2,"name":"\u00dczlet","item":"https:\/\/rapidtest-lab.com\/en\/uzlet\/"},{"@type":"ListItem","position":3,"name":"Allergia Tot\u00e1l IgE gyorsteszt"}]},{"@type":"WebSite","@id":"https:\/\/rapidtest-lab.com\/#website","url":"https:\/\/rapidtest-lab.com\/","name":"GyorstesztLabor","description":"Tartsuk k&eacute;zben az eg&eacute;szs&eacute;g&uuml;nket!","potentialAction":[{"@type":"SearchAction","target":{"@type":"EntryPoint","urlTemplate":"https:\/\/rapidtest-lab.com\/?s={search_term_string}"},"query-input":{"@type":"PropertyValueSpecification","valueRequired":true,"valueName":"search_term_string"}}],"inLanguage":"en-US"}]}},"_links":{"self":[{"href":"https:\/\/rapidtest-lab.com\/en\/wp-json\/wp\/v2\/product\/919","targetHints":{"allow":["GET"]}}],"collection":[{"href":"https:\/\/rapidtest-lab.com\/en\/wp-json\/wp\/v2\/product"}],"about":[{"href":"https:\/\/rapidtest-lab.com\/en\/wp-json\/wp\/v2\/types\/product"}],"replies":[{"embeddable":true,"href":"https:\/\/rapidtest-lab.com\/en\/wp-json\/wp\/v2\/comments?post=919"}],"version-history":[{"count":0,"href":"https:\/\/rapidtest-lab.com\/en\/wp-json\/wp\/v2\/product\/919\/revisions"}],"wp:featuredmedia":[{"embeddable":true,"href":"https:\/\/rapidtest-lab.com\/en\/wp-json\/wp\/v2\/media\/122"}],"wp:attachment":[{"href":"https:\/\/rapidtest-lab.com\/en\/wp-json\/wp\/v2\/media?parent=919"}],"wp:term":[{"taxonomy":"product_brand","embeddable":true,"href":"https:\/\/rapidtest-lab.com\/en\/wp-json\/wp\/v2\/product_brand?post=919"},{"taxonomy":"product_cat","embeddable":true,"href":"https:\/\/rapidtest-lab.com\/en\/wp-json\/wp\/v2\/product_cat?post=919"},{"taxonomy":"product_tag","embeddable":true,"href":"https:\/\/rapidtest-lab.com\/en\/wp-json\/wp\/v2\/product_tag?post=919"}],"curies":[{"name":"wp","href":"https:\/\/api.w.org\/{rel}","templated":true}]}}